{"id":599,"date":"2018-03-05T23:00:58","date_gmt":"2018-03-05T22:00:58","guid":{"rendered":"http:\/\/www.comitatoaradinorma.it\/aradinorma\/?page_id=599"},"modified":"2018-06-13T13:36:32","modified_gmt":"2018-06-13T11:36:32","slug":"cellitata-larianese-2014","status":"publish","type":"page","link":"https:\/\/www.comitatoaradinorma.it\/aradinorma\/cellitata-larianese-2014\/","title":{"rendered":"CELLITTATA LARIANESE 2014"},"content":{"rendered":"<div id=\"pl-599\"  class=\"panel-layout\" ><div id=\"pg-599-0\"  class=\"panel-grid panel-no-style\" ><div id=\"pgc-599-0-0\"  class=\"panel-grid-cell\" ><div id=\"panel-599-0-0-0\" class=\"so-panel widget widget_sow-image panel-first-child panel-last-child\" data-index=\"0\" ><div\n\t\t\t\n\t\t\tclass=\"so-widget-sow-image so-widget-sow-image-default-89f16426b92c-599\"\n\t\t\t\n\t\t>\n<div class=\"sow-image-container\">\n\t\t<img fetchpriority=\"high\" \n\tsrc=\"https:\/\/www.comitatoaradinorma.it\/aradinorma\/wp-content\/uploads\/2018\/04\/locandina-con-programma-e-cellitti-al-sugo1-copia.jpg\" width=\"2480\" height=\"3508\" srcset=\"https:\/\/www.comitatoaradinorma.it\/aradinorma\/wp-content\/uploads\/2018\/04\/locandina-con-programma-e-cellitti-al-sugo1-copia.jpg 2480w, https:\/\/www.comitatoaradinorma.it\/aradinorma\/wp-content\/uploads\/2018\/04\/locandina-con-programma-e-cellitti-al-sugo1-copia-212x300.jpg 212w, https:\/\/www.comitatoaradinorma.it\/aradinorma\/wp-content\/uploads\/2018\/04\/locandina-con-programma-e-cellitti-al-sugo1-copia-768x1086.jpg 768w, https:\/\/www.comitatoaradinorma.it\/aradinorma\/wp-content\/uploads\/2018\/04\/locandina-con-programma-e-cellitti-al-sugo1-copia-724x1024.jpg 724w, https:\/\/www.comitatoaradinorma.it\/aradinorma\/wp-content\/uploads\/2018\/04\/locandina-con-programma-e-cellitti-al-sugo1-copia-750x1061.jpg 750w\" sizes=\"(max-width: 2480px) 100vw, 2480px\" title=\"locandina con programma e cellitti al sugo1 copia\" alt=\"\" \t\tclass=\"so-widget-image\"\/>\n\t<\/div>\n\n<\/div><\/div><\/div><div id=\"pgc-599-0-1\"  class=\"panel-grid-cell\" ><div id=\"panel-599-0-1-0\" class=\"so-panel widget widget_sow-editor panel-first-child panel-last-child\" data-index=\"1\" ><div\n\t\t\t\n\t\t\tclass=\"so-widget-sow-editor so-widget-sow-editor-base\"\n\t\t\t\n\t\t>\n<div class=\"siteorigin-widget-tinymce textwidget\">\n\t<p align=\"JUSTIFY\"><strong><span style=\"font-size: small;\">\"CELLITTATA LARIANESE\"<\/span><\/strong><\/p>\n<p align=\"JUSTIFY\"><span style=\"font-size: small;\">1\u00aa FESTA DELL\u2019ENOGASTRONOMIA<\/span><\/p>\n<hr \/>\n<p align=\"JUSTIFY\"><span style=\"font-size: small;\">La \"Festa dell\u2019Enogastronomia\" \u00e8 organizzata dall\u2019Associazione \"Comitato Ara di Norma\".<\/span><\/p>\n<p align=\"JUSTIFY\"><span style=\"font-size: small;\">L\u2019associazione nasce con l\u2019intento di rivalutare e riqualificare il proprio territorio ed \u00e8 proprio nell\u2019ambito di questo progetto che ben si inserisce la suddetta Festa.<\/span><\/p>\n<p align=\"JUSTIFY\"><span style=\"font-size: small;\">Avendo quindi come obiettivo il territorio, dove \u00e8 stato pensato di organizzare un evento che esaltasse in ogni modo sapori e tradizioni.<\/span><\/p>\n<p align=\"JUSTIFY\"><span style=\"font-size: small;\">L\u2019evento si svolger\u00e0 in 4 giorni, dal 3 al 6 Luglio c.a.<\/span><\/p>\n<p align=\"JUSTIFY\"><span style=\"font-size: small;\">Punto forte della festa sar\u00e0 naturalmente l\u2019Enogastronomia quindi, proprio per il gran valore dato a questo aspetto, si \u00e8 deciso di affidare la gestione degli stand gastronomici a 3 Ristoranti \u00a0locali con i migliori Chef \u00a0quali: \"Il Bersagliere\", \"Premiata Trattoria Prati\" e \"Da Bruno\", rinomati per la loro ottima cucina. Gli Stand serviranno piatti tipici larianesi a base di pasta casareccia fatta a mano come le nostre nonne ci hanno insegnato e l\u2019Agnello alla brace, ma non mancheranno gli arrosticini di pecora, gi\u00e0 proposti dall\u2019associazione Ara di Norma in occasione dell\u2019evento \"Sagra delle Sagre\".<\/span><\/p>\n<p align=\"JUSTIFY\"><span style=\"font-size: small;\">Per completare il quadro culinario, sono state coinvolte attivit\u00e0 legate alla produzione di prodotti tipici quali: Olio e olive (Frantoio), Vino e Vino biologico (Cantine), Formaggi (azienda ovini e bovini), \u00a0pane (coinvolgendo l\u2019Associazione Panificatori di Lariano) e dolci di Lariano (con pi\u00f9 forni), pasta casareccia fatta a mano e pi\u00f9 dolci tradizionali (coinvolgendo negozi locali) norcineria e tutte le attivit\u00e0 che nel corso di questi ultimi giorni vorranno aderire contribuendo ad arricchire il quadro dell\u2019Enogastronomia.<\/span><\/p>\n<p align=\"JUSTIFY\"><span style=\"font-size: small;\">Le quattro serate, infine, saranno allietate da gruppi di intrattenimento locali e da gruppi tradizionali.<\/span><\/p>\n<\/div>\n<\/div><\/div><\/div><\/div><div id=\"pg-599-1\"  class=\"panel-grid panel-has-style\" ><div class=\"panel-row-style panel-row-style-for-599-1\" ><div id=\"pgc-599-1-0\"  class=\"panel-grid-cell\" ><div id=\"panel-599-1-0-0\" class=\"so-panel widget widget_sow-editor panel-first-child panel-last-child\" data-index=\"2\" ><div\n\t\t\t\n\t\t\tclass=\"so-widget-sow-editor so-widget-sow-editor-base\"\n\t\t\t\n\t\t>\n<div class=\"siteorigin-widget-tinymce textwidget\">\n\t<h2 style=\"text-align: center;\">Galleria <span style=\"color: #f39c12;\">Fotografica<\/span><\/h2><\/div>\n<\/div><\/div><\/div><\/div><\/div><div id=\"pg-599-2\"  class=\"panel-grid panel-has-style\" ><div class=\"panel-row-style panel-row-style-for-599-2\" ><div id=\"pgc-599-2-0\"  class=\"panel-grid-cell\" ><div id=\"panel-599-2-0-0\" class=\"so-panel widget widget_text panel-first-child panel-last-child\" data-index=\"3\" >\t\t\t<div class=\"textwidget\"><\/div>\n\t\t<\/div><\/div><\/div><\/div><\/div>","protected":false},"excerpt":{"rendered":"<p>&#8220;CELLITTATA LARIANESE&#8221; 1\u00aa FESTA DELL\u2019ENOGASTRONOMIA La &#8220;Festa dell\u2019Enogastronomia&#8221; \u00e8 organizzata dall\u2019Associazione &#8220;Comitato Ara di Norma&#8221;. L\u2019associazione nasce con l\u2019intento di rivalutare e riqualificare il proprio territorio ed \u00e8 proprio nell\u2019ambito &#8230;<\/p>\n","protected":false},"author":1,"featured_media":0,"parent":0,"menu_order":0,"comment_status":"closed","ping_status":"closed","template":"page_fullwidth.php","meta":{"footnotes":""},"class_list":["post-599","page","type-page","status-publish","hentry"],"yoast_head":"<!-- This site is optimized with the Yoast SEO plugin v27.4 - https:\/\/yoast.com\/product\/yoast-seo-wordpress\/ -->\r\n<title>CELLITTATA LARIANESE 2014 - www.comitatoaradinorma.it<\/title>\r\n<meta name=\"robots\" content=\"index, follow, max-snippet:-1, max-image-preview:large, max-video-preview:-1\" \/>\r\n<link rel=\"canonical\" href=\"https:\/\/www.comitatoaradinorma.it\/aradinorma\/cellitata-larianese-2014\/\" \/>\r\n<meta property=\"og:locale\" content=\"it_IT\" \/>\r\n<meta property=\"og:type\" content=\"article\" \/>\r\n<meta property=\"og:title\" content=\"CELLITTATA LARIANESE 2014 - www.comitatoaradinorma.it\" \/>\r\n<meta property=\"og:description\" content=\"&quot;CELLITTATA LARIANESE&quot; 1\u00aa FESTA DELL\u2019ENOGASTRONOMIA La &quot;Festa dell\u2019Enogastronomia&quot; \u00e8 organizzata dall\u2019Associazione &quot;Comitato Ara di Norma&quot;. L\u2019associazione nasce con l\u2019intento di rivalutare e riqualificare il proprio territorio ed \u00e8 proprio nell\u2019ambito ...\" \/>\r\n<meta property=\"og:url\" content=\"https:\/\/www.comitatoaradinorma.it\/aradinorma\/cellitata-larianese-2014\/\" \/>\r\n<meta property=\"og:site_name\" content=\"www.comitatoaradinorma.it\" \/>\r\n<meta property=\"article:publisher\" content=\"https:\/\/www.facebook.com\/comitatoaradinormalariano\/\" \/>\r\n<meta property=\"article:modified_time\" content=\"2018-06-13T11:36:32+00:00\" \/>\r\n<meta property=\"og:image\" content=\"https:\/\/www.comitatoaradinorma.it\/aradinorma\/wp-content\/uploads\/2018\/03\/LOGO-SITO-512X512.png\" \/>\r\n\t<meta property=\"og:image:width\" content=\"512\" \/>\r\n\t<meta property=\"og:image:height\" content=\"512\" \/>\r\n\t<meta property=\"og:image:type\" content=\"image\/png\" \/>\r\n<meta name=\"twitter:card\" content=\"summary_large_image\" \/>\r\n<meta name=\"twitter:label1\" content=\"Tempo di lettura stimato\" \/>\n\t<meta name=\"twitter:data1\" content=\"1 minuto\" \/>\r\n<script type=\"application\/ld+json\" class=\"yoast-schema-graph\">{\"@context\":\"https:\\\/\\\/schema.org\",\"@graph\":[{\"@type\":\"WebPage\",\"@id\":\"https:\\\/\\\/www.comitatoaradinorma.it\\\/aradinorma\\\/cellitata-larianese-2014\\\/\",\"url\":\"https:\\\/\\\/www.comitatoaradinorma.it\\\/aradinorma\\\/cellitata-larianese-2014\\\/\",\"name\":\"CELLITTATA LARIANESE 2014 - www.comitatoaradinorma.it\",\"isPartOf\":{\"@id\":\"https:\\\/\\\/www.comitatoaradinorma.it\\\/aradinorma\\\/#website\"},\"datePublished\":\"2018-03-05T22:00:58+00:00\",\"dateModified\":\"2018-06-13T11:36:32+00:00\",\"breadcrumb\":{\"@id\":\"https:\\\/\\\/www.comitatoaradinorma.it\\\/aradinorma\\\/cellitata-larianese-2014\\\/#breadcrumb\"},\"inLanguage\":\"it-IT\",\"potentialAction\":[{\"@type\":\"ReadAction\",\"target\":[\"https:\\\/\\\/www.comitatoaradinorma.it\\\/aradinorma\\\/cellitata-larianese-2014\\\/\"]}]},{\"@type\":\"BreadcrumbList\",\"@id\":\"https:\\\/\\\/www.comitatoaradinorma.it\\\/aradinorma\\\/cellitata-larianese-2014\\\/#breadcrumb\",\"itemListElement\":[{\"@type\":\"ListItem\",\"position\":1,\"name\":\"Home\",\"item\":\"https:\\\/\\\/www.comitatoaradinorma.it\\\/aradinorma\\\/\"},{\"@type\":\"ListItem\",\"position\":2,\"name\":\"CELLITTATA LARIANESE 2014\"}]},{\"@type\":\"WebSite\",\"@id\":\"https:\\\/\\\/www.comitatoaradinorma.it\\\/aradinorma\\\/#website\",\"url\":\"https:\\\/\\\/www.comitatoaradinorma.it\\\/aradinorma\\\/\",\"name\":\"www.comitatoaradinorma.it\",\"description\":\"\",\"publisher\":{\"@id\":\"https:\\\/\\\/www.comitatoaradinorma.it\\\/aradinorma\\\/#organization\"},\"potentialAction\":[{\"@type\":\"SearchAction\",\"target\":{\"@type\":\"EntryPoint\",\"urlTemplate\":\"https:\\\/\\\/www.comitatoaradinorma.it\\\/aradinorma\\\/?s={search_term_string}\"},\"query-input\":{\"@type\":\"PropertyValueSpecification\",\"valueRequired\":true,\"valueName\":\"search_term_string\"}}],\"inLanguage\":\"it-IT\"},{\"@type\":\"Organization\",\"@id\":\"https:\\\/\\\/www.comitatoaradinorma.it\\\/aradinorma\\\/#organization\",\"name\":\"comitato associazione ara di norma\",\"url\":\"https:\\\/\\\/www.comitatoaradinorma.it\\\/aradinorma\\\/\",\"logo\":{\"@type\":\"ImageObject\",\"inLanguage\":\"it-IT\",\"@id\":\"https:\\\/\\\/www.comitatoaradinorma.it\\\/aradinorma\\\/#\\\/schema\\\/logo\\\/image\\\/\",\"url\":\"https:\\\/\\\/www.comitatoaradinorma.it\\\/aradinorma\\\/wp-content\\\/uploads\\\/2022\\\/05\\\/logo-comitato-per-casacche.png\",\"contentUrl\":\"https:\\\/\\\/www.comitatoaradinorma.it\\\/aradinorma\\\/wp-content\\\/uploads\\\/2022\\\/05\\\/logo-comitato-per-casacche.png\",\"width\":1770,\"height\":2369,\"caption\":\"comitato associazione ara di norma\"},\"image\":{\"@id\":\"https:\\\/\\\/www.comitatoaradinorma.it\\\/aradinorma\\\/#\\\/schema\\\/logo\\\/image\\\/\"},\"sameAs\":[\"https:\\\/\\\/www.facebook.com\\\/comitatoaradinormalariano\\\/\"]}]}<\/script>\r\n<!-- \/ Yoast SEO plugin. -->","yoast_head_json":{"title":"CELLITTATA LARIANESE 2014 - www.comitatoaradinorma.it","robots":{"index":"index","follow":"follow","max-snippet":"max-snippet:-1","max-image-preview":"max-image-preview:large","max-video-preview":"max-video-preview:-1"},"canonical":"https:\/\/www.comitatoaradinorma.it\/aradinorma\/cellitata-larianese-2014\/","og_locale":"it_IT","og_type":"article","og_title":"CELLITTATA LARIANESE 2014 - www.comitatoaradinorma.it","og_description":"\"CELLITTATA LARIANESE\" 1\u00aa FESTA DELL\u2019ENOGASTRONOMIA La \"Festa dell\u2019Enogastronomia\" \u00e8 organizzata dall\u2019Associazione \"Comitato Ara di Norma\". L\u2019associazione nasce con l\u2019intento di rivalutare e riqualificare il proprio territorio ed \u00e8 proprio nell\u2019ambito ...","og_url":"https:\/\/www.comitatoaradinorma.it\/aradinorma\/cellitata-larianese-2014\/","og_site_name":"www.comitatoaradinorma.it","article_publisher":"https:\/\/www.facebook.com\/comitatoaradinormalariano\/","article_modified_time":"2018-06-13T11:36:32+00:00","og_image":[{"width":512,"height":512,"url":"https:\/\/www.comitatoaradinorma.it\/aradinorma\/wp-content\/uploads\/2018\/03\/LOGO-SITO-512X512.png","type":"image\/png"}],"twitter_card":"summary_large_image","twitter_misc":{"Tempo di lettura stimato":"1 minuto"},"schema":{"@context":"https:\/\/schema.org","@graph":[{"@type":"WebPage","@id":"https:\/\/www.comitatoaradinorma.it\/aradinorma\/cellitata-larianese-2014\/","url":"https:\/\/www.comitatoaradinorma.it\/aradinorma\/cellitata-larianese-2014\/","name":"CELLITTATA LARIANESE 2014 - www.comitatoaradinorma.it","isPartOf":{"@id":"https:\/\/www.comitatoaradinorma.it\/aradinorma\/#website"},"datePublished":"2018-03-05T22:00:58+00:00","dateModified":"2018-06-13T11:36:32+00:00","breadcrumb":{"@id":"https:\/\/www.comitatoaradinorma.it\/aradinorma\/cellitata-larianese-2014\/#breadcrumb"},"inLanguage":"it-IT","potentialAction":[{"@type":"ReadAction","target":["https:\/\/www.comitatoaradinorma.it\/aradinorma\/cellitata-larianese-2014\/"]}]},{"@type":"BreadcrumbList","@id":"https:\/\/www.comitatoaradinorma.it\/aradinorma\/cellitata-larianese-2014\/#breadcrumb","itemListElement":[{"@type":"ListItem","position":1,"name":"Home","item":"https:\/\/www.comitatoaradinorma.it\/aradinorma\/"},{"@type":"ListItem","position":2,"name":"CELLITTATA LARIANESE 2014"}]},{"@type":"WebSite","@id":"https:\/\/www.comitatoaradinorma.it\/aradinorma\/#website","url":"https:\/\/www.comitatoaradinorma.it\/aradinorma\/","name":"www.comitatoaradinorma.it","description":"","publisher":{"@id":"https:\/\/www.comitatoaradinorma.it\/aradinorma\/#organization"},"potentialAction":[{"@type":"SearchAction","target":{"@type":"EntryPoint","urlTemplate":"https:\/\/www.comitatoaradinorma.it\/aradinorma\/?s={search_term_string}"},"query-input":{"@type":"PropertyValueSpecification","valueRequired":true,"valueName":"search_term_string"}}],"inLanguage":"it-IT"},{"@type":"Organization","@id":"https:\/\/www.comitatoaradinorma.it\/aradinorma\/#organization","name":"comitato associazione ara di norma","url":"https:\/\/www.comitatoaradinorma.it\/aradinorma\/","logo":{"@type":"ImageObject","inLanguage":"it-IT","@id":"https:\/\/www.comitatoaradinorma.it\/aradinorma\/#\/schema\/logo\/image\/","url":"https:\/\/www.comitatoaradinorma.it\/aradinorma\/wp-content\/uploads\/2022\/05\/logo-comitato-per-casacche.png","contentUrl":"https:\/\/www.comitatoaradinorma.it\/aradinorma\/wp-content\/uploads\/2022\/05\/logo-comitato-per-casacche.png","width":1770,"height":2369,"caption":"comitato associazione ara di norma"},"image":{"@id":"https:\/\/www.comitatoaradinorma.it\/aradinorma\/#\/schema\/logo\/image\/"},"sameAs":["https:\/\/www.facebook.com\/comitatoaradinormalariano\/"]}]}},"_links":{"self":[{"href":"https:\/\/www.comitatoaradinorma.it\/aradinorma\/wp-json\/wp\/v2\/pages\/599","targetHints":{"allow":["GET"]}}],"collection":[{"href":"https:\/\/www.comitatoaradinorma.it\/aradinorma\/wp-json\/wp\/v2\/pages"}],"about":[{"href":"https:\/\/www.comitatoaradinorma.it\/aradinorma\/wp-json\/wp\/v2\/types\/page"}],"author":[{"embeddable":true,"href":"https:\/\/www.comitatoaradinorma.it\/aradinorma\/wp-json\/wp\/v2\/users\/1"}],"replies":[{"embeddable":true,"href":"https:\/\/www.comitatoaradinorma.it\/aradinorma\/wp-json\/wp\/v2\/comments?post=599"}],"version-history":[{"count":123,"href":"https:\/\/www.comitatoaradinorma.it\/aradinorma\/wp-json\/wp\/v2\/pages\/599\/revisions"}],"predecessor-version":[{"id":1873,"href":"https:\/\/www.comitatoaradinorma.it\/aradinorma\/wp-json\/wp\/v2\/pages\/599\/revisions\/1873"}],"wp:attachment":[{"href":"https:\/\/www.comitatoaradinorma.it\/aradinorma\/wp-json\/wp\/v2\/media?parent=599"}],"curies":[{"name":"wp","href":"https:\/\/api.w.org\/{rel}","templated":true}]}}