{"id":302,"date":"2018-03-03T13:07:13","date_gmt":"2018-03-03T12:07:13","guid":{"rendered":"http:\/\/www.comitatoaradinorma.it\/aradinorma\/?page_id=302"},"modified":"2018-03-21T02:35:12","modified_gmt":"2018-03-21T01:35:12","slug":"2016-2","status":"publish","type":"page","link":"https:\/\/www.comitatoaradinorma.it\/aradinorma\/2016-2\/","title":{"rendered":"2016"},"content":{"rendered":"<div id=\"pl-302\"  class=\"panel-layout\" ><div id=\"pg-302-0\"  class=\"panel-grid panel-has-style\" ><div class=\"panel-row-style panel-row-style-for-302-0\" ><div id=\"pgc-302-0-0\"  class=\"panel-grid-cell\" ><div id=\"panel-302-0-0-0\" class=\"so-panel widget widget_sow-editor panel-first-child panel-last-child\" data-index=\"0\" ><div\n\t\t\t\n\t\t\tclass=\"so-widget-sow-editor so-widget-sow-editor-base\"\n\t\t\t\n\t\t><h3 class=\"widget-title\">ARCHEOLOGIA UOMO E TERRITORIO<\/h3>\n<div class=\"siteorigin-widget-tinymce textwidget\">\n\t<div class=\"siteorigin-widget-tinymce textwidget\">\n<p align=\"JUSTIFY\"><span style=\"font-size: small;\">ASSOCIAZIONE&nbsp; <\/span>\u201c<span style=\"font-size: small;\">COMITATO ARA DI NORMA\u201d<\/span><\/p>\n<p align=\"JUSTIFY\"><span style=\"font-size: small;\">Lo scorso luned\u00ec 9 Maggio, in Piazzale Martiri della Libert\u00e0 si \u00e8 fatto un salto indietro nel Tempo, tutti i presenti hanno avuto la possibilit\u00e0 di vivere una giornata all\u2019insegna dell\u2019Et\u00e0 del Bronzo e delle sue attivit\u00e0!<\/span><\/p>\n<p align=\"JUSTIFY\"><span style=\"font-size: small;\">La Giornata di Archeologia Sperimentale rientra tra le attivit\u00e0 del Progetto \u201cArcheologia, Uomo e Territorio a Lariano\u201d organizzato dall\u2019Associazione Comitato Ara di Norma e che ha visto coinvolte tutte le classi terze della Scuola Primaria di Lariano, sia dell\u2019anno scolastico 2014\/2015 che di quello incorso. <\/span><\/p>\n<p align=\"JUSTIFY\"><span style=\"font-size: small;\">In questo breve scritto vorrei ringraziare, anche a nome di tutta l\u2019Associazione che rappresento, coloro che, in un modo o nell\u2019altro, hanno arricchito questo affascinante evento. <\/span><\/p>\n<p align=\"JUSTIFY\"><span style=\"font-size: small;\">Il primo ringraziamento lo rivolgo agli alunni e alle insegnanti dell'I.C. di Lariano per aver dimostrato entusiasmo, partecipazione attiva e collaborazione, motivo per cui ci sentiamo soddisfatti ed orgogliosi della riuscita della Giornata e del Progetto di cui, ricordo, l'Associazione si \u00e8 fatta interamente carico. <\/span><\/p>\n<p align=\"JUSTIFY\"><span style=\"font-size: small;\">Ringrazio il dirigente scolastico, Prof.ssa Isabella Pitone, e la vicepreside, Annalisa Giorgi, le quali hanno da subito creduto in noi e nel Progetto, inserendo la nostra iniziativa nel P.O.F dell\u2019Istituto Comprensivo di Lariano. <\/span><\/p>\n<p align=\"JUSTIFY\"><span style=\"font-size: small;\">Ringrazio ancora una volta tutti i docenti dell'Universit\u00e0 \u201cSapienza\u201d di Roma intervenuti alla manifestazione, in particolare la Professoressa Cristina Lemorini (Docente di Archeologia Sperimentale presso l\u2019Universit\u00e0 \u201cSapienza\u201d di Roma) e gli archeologi, la cui competenza e professionalit\u00e0 hanno reso l'evento particolarmente unico e significativo per gli esperti e non e per questo meritano di essere presentati e ringraziati uno ad uno: Dott. Vittorio Mironti (Dottorando di Ricerca in Archeologia Preistorica presso l\u2019Universit\u00e0 \u201cSapienza\u201d di Roma), Dott.ssa Vanessa Forte, (Dottorata in Archeologia Preistorica presso l\u2019Universit\u00e0 \u201cSapienza\u201d di Roma), Dott. Alberto Rossi, (Universit\u00e0 degli studi di Macerata), Dott.ssa Elena Ciccarelli (Universit\u00e0 degli studi di Macerata), Alessio Pellegrini, (Universit\u00e0 \u201cSapienza\u201d di Roma), Dott. Umberto Lizzi (Universit\u00e0 degli Studi di Foggia), Dott.ssa Carla Tulini (Universit\u00e0 \u201cSapienza\u201d di Roma), Gabriele Russo (Universit\u00e0 \u201cSapienza\u201d di Roma) e il Dott. Andrea Zupancich (Dottorando di Ricerca presso l\u2019Universit\u00e0 di Tel Aviv).<\/span><\/p>\n<p align=\"JUSTIFY\"><span style=\"font-size: small;\">Ringraziamo i ristoranti \u201cda Bruno\u201d, \u201cIl Bersagliere\u201d e \u201cPremiata Trattoria Prati\u201d, l'Associazione Nazionale Paracadutisti d'Italia sez. di Velletri, il panificatore di pane di Lariano Danilo Caliciotti, le industrie boschive Bemi Legnami e F.lli Cavola, il Pastore Fabrizio Ascenzi, la Protezione Civile di Lariano e tutte le persone che hanno contribuito alla realizzazione e all\u2019ottima riuscita di questo evento. <\/span><\/p>\n<p align=\"JUSTIFY\"><span style=\"font-size: small;\">Ringraziamo inoltre il Sindaco di Lariano Maurizio Caliciotti e l'Assessore Fabrizio Ferrante Carrante per averci onorato della loro presenza.<\/span><\/p>\n<p align=\"JUSTIFY\"><span style=\"font-size: small;\">Un grazie davvero speciale lo rivolgo a tutti i membri dell\u2019Associazione, in particolare a quelli non presenti per impegni di lavoro, che anche in questa occasione, hanno dimostrato partecipazione, impegno e grande senso di squadra e di collaborazione, operando per un\u2019unica grande causa, Lariano!<\/span><\/p>\n<p align=\"JUSTIFY\"><span style=\"font-size: small;\">Infine, un ringraziamento particolare lo voglio rivolgere alla Dott.ssa, Elisa Petrilli che ha sostenuto attivamente l\u2019iniziativa e alla\u2026\u2026.. Socia,\u2026\u2026. Nipote \u2026\u2026\u2026\u2026 sostenitrice di questa Associazione e amante di questo Paese come noi tutti, la Dott.ssa Rachele Modesto, ideatrice di questo Progetto.<\/span><\/p>\n<p align=\"JUSTIFY\"><span style=\"font-size: small;\">Chiudo con una celeberrima citazione (che mi \u00e8 stata riferita e suggerita) di un famoso filosofo greco, che racchiude il mio personale pensiero in riferimento alla giornata del 9 Maggio: \u201cMi \u00e8 sembrata una cosa straordinaria: conoscere la spiegazione di ogni cosa, sapere perch\u00e9 ha inizio, perch\u00e9 finisce, perch\u00e9 \u00e8\u201d. Cit. Socrate<\/span><\/p>\n<p align=\"JUSTIFY\"><span style=\"font-size: small;\">Il Presidente Stefano PETRILLI<\/span><\/p>\n<p align=\"JUSTIFY\"><span style=\"font-size: small;\">&nbsp;<\/span><\/p>\n<p align=\"JUSTIFY\">&nbsp;<\/p>\n<\/div>\n<\/div>\n<\/div><\/div><\/div><div id=\"pgc-302-0-1\"  class=\"panel-grid-cell\" ><div id=\"panel-302-0-1-0\" class=\"so-panel widget widget_media_image panel-first-child panel-last-child\" data-index=\"1\" ><img fetchpriority=\"high\" decoding=\"async\" width=\"212\" height=\"300\" src=\"https:\/\/www.comitatoaradinorma.it\/aradinorma\/wp-content\/uploads\/2018\/03\/locandina-archeologia_n3fj9e78-212x300.jpg\" class=\"image wp-image-575  attachment-medium size-medium\" alt=\"\" style=\"max-width: 100%; height: auto;\" srcset=\"https:\/\/www.comitatoaradinorma.it\/aradinorma\/wp-content\/uploads\/2018\/03\/locandina-archeologia_n3fj9e78-212x300.jpg 212w, https:\/\/www.comitatoaradinorma.it\/aradinorma\/wp-content\/uploads\/2018\/03\/locandina-archeologia_n3fj9e78.jpg 494w\" sizes=\"(max-width: 212px) 100vw, 212px\" \/><\/div><\/div><\/div><\/div><div id=\"pg-302-1\"  class=\"panel-grid panel-no-style\" ><div id=\"pgc-302-1-0\"  class=\"panel-grid-cell\" ><div id=\"panel-302-1-0-0\" class=\"so-panel widget widget_sow-image-grid panel-first-child panel-last-child\" data-index=\"2\" ><div\n\t\t\t\n\t\t\tclass=\"so-widget-sow-image-grid so-widget-sow-image-grid-default-3fbf13dff59f-302\"\n\t\t\t\n\t\t>\t<div\n\t\tclass=\"sow-image-grid-wrapper\"\n\t\tdata-max-width=\"100\"\t\tdata-max-height=\"100\"\t>\n\t\t\t\t\t<div class=\"sow-image-grid-image\">\n\t\t\t\t\t\t\t\t\t\t\t\t\t<a href=\"https:\/\/www.comitatoaradinorma.it\/aradinorma\/2013-2\/\"\n\t\t\t\t\t>\n\t\t\t\t\t\t\t\t<img decoding=\"async\" width=\"150\" height=\"56\" src=\"https:\/\/www.comitatoaradinorma.it\/aradinorma\/wp-content\/uploads\/2018\/03\/2013.png\" class=\"sow-image-grid-image_html\" alt=\"\" title=\"\" srcset=\"https:\/\/www.comitatoaradinorma.it\/aradinorma\/wp-content\/uploads\/2018\/03\/2013.png 500w, https:\/\/www.comitatoaradinorma.it\/aradinorma\/wp-content\/uploads\/2018\/03\/2013-300x112.png 300w\" sizes=\"(max-width: 150px) 100vw, 150px\" \/>\t\t\t\t\t\t\t\t\t<\/a>\n\t\t\t\t\t\t\t\t\t\t\t<\/div>\n\t\t\t\t\t<div class=\"sow-image-grid-image\">\n\t\t\t\t\t\t\t\t\t\t\t\t\t<a href=\"https:\/\/www.comitatoaradinorma.it\/aradinorma\/2014-2\/\"\n\t\t\t\t\t>\n\t\t\t\t\t\t\t\t<img decoding=\"async\" width=\"150\" height=\"56\" src=\"https:\/\/www.comitatoaradinorma.it\/aradinorma\/wp-content\/uploads\/2018\/03\/2014.png\" class=\"sow-image-grid-image_html\" alt=\"\" title=\"\" srcset=\"https:\/\/www.comitatoaradinorma.it\/aradinorma\/wp-content\/uploads\/2018\/03\/2014.png 500w, https:\/\/www.comitatoaradinorma.it\/aradinorma\/wp-content\/uploads\/2018\/03\/2014-300x112.png 300w\" sizes=\"(max-width: 150px) 100vw, 150px\" \/>\t\t\t\t\t\t\t\t\t<\/a>\n\t\t\t\t\t\t\t\t\t\t\t<\/div>\n\t\t\t\t\t<div class=\"sow-image-grid-image\">\n\t\t\t\t\t\t\t\t\t\t\t\t\t<a href=\"https:\/\/www.comitatoaradinorma.it\/aradinorma\/2015-2\/\"\n\t\t\t\t\t>\n\t\t\t\t\t\t\t\t<img loading=\"lazy\" decoding=\"async\" width=\"150\" height=\"56\" src=\"https:\/\/www.comitatoaradinorma.it\/aradinorma\/wp-content\/uploads\/2018\/03\/2015.png\" class=\"sow-image-grid-image_html\" alt=\"\" title=\"\" srcset=\"https:\/\/www.comitatoaradinorma.it\/aradinorma\/wp-content\/uploads\/2018\/03\/2015.png 500w, https:\/\/www.comitatoaradinorma.it\/aradinorma\/wp-content\/uploads\/2018\/03\/2015-300x112.png 300w\" sizes=\"(max-width: 150px) 100vw, 150px\" \/>\t\t\t\t\t\t\t\t\t<\/a>\n\t\t\t\t\t\t\t\t\t\t\t<\/div>\n\t\t\t\t\t<div class=\"sow-image-grid-image\">\n\t\t\t\t\t\t\t\t\t\t\t\t\t<a href=\"https:\/\/www.comitatoaradinorma.it\/aradinorma\/2016-2\/\"\n\t\t\t\t\t>\n\t\t\t\t\t\t\t\t<img loading=\"lazy\" decoding=\"async\" width=\"150\" height=\"56\" src=\"https:\/\/www.comitatoaradinorma.it\/aradinorma\/wp-content\/uploads\/2018\/03\/2016.png\" class=\"sow-image-grid-image_html\" alt=\"\" title=\"\" srcset=\"https:\/\/www.comitatoaradinorma.it\/aradinorma\/wp-content\/uploads\/2018\/03\/2016.png 500w, https:\/\/www.comitatoaradinorma.it\/aradinorma\/wp-content\/uploads\/2018\/03\/2016-300x112.png 300w\" sizes=\"(max-width: 150px) 100vw, 150px\" \/>\t\t\t\t\t\t\t\t\t<\/a>\n\t\t\t\t\t\t\t\t\t\t\t<\/div>\n\t\t\t<\/div>\n<\/div><\/div><\/div><\/div><\/div>","protected":false},"excerpt":{"rendered":"<p>ASSOCIAZIONE&nbsp; \u201cCOMITATO ARA DI NORMA\u201d Lo scorso luned\u00ec 9 Maggio, in Piazzale Martiri della Libert\u00e0 si \u00e8 fatto un salto indietro nel Tempo, tutti i presenti hanno avuto la possibilit\u00e0 &#8230;<\/p>\n","protected":false},"author":1,"featured_media":0,"parent":0,"menu_order":0,"comment_status":"closed","ping_status":"closed","template":"page_fullwidth.php","meta":{"footnotes":""},"class_list":["post-302","page","type-page","status-publish","hentry"],"yoast_head":"<!-- This site is optimized with the Yoast SEO plugin v27.4 - https:\/\/yoast.com\/product\/yoast-seo-wordpress\/ -->\r\n<title>2016 - www.comitatoaradinorma.it<\/title>\r\n<meta name=\"robots\" content=\"index, follow, max-snippet:-1, max-image-preview:large, max-video-preview:-1\" \/>\r\n<link rel=\"canonical\" href=\"https:\/\/www.comitatoaradinorma.it\/aradinorma\/2016-2\/\" \/>\r\n<meta property=\"og:locale\" content=\"it_IT\" \/>\r\n<meta property=\"og:type\" content=\"article\" \/>\r\n<meta property=\"og:title\" content=\"2016 - www.comitatoaradinorma.it\" \/>\r\n<meta property=\"og:description\" content=\"ASSOCIAZIONE&nbsp; \u201cCOMITATO ARA DI NORMA\u201d Lo scorso luned\u00ec 9 Maggio, in Piazzale Martiri della Libert\u00e0 si \u00e8 fatto un salto indietro nel Tempo, tutti i presenti hanno avuto la possibilit\u00e0 ...\" \/>\r\n<meta property=\"og:url\" content=\"https:\/\/www.comitatoaradinorma.it\/aradinorma\/2016-2\/\" \/>\r\n<meta property=\"og:site_name\" content=\"www.comitatoaradinorma.it\" \/>\r\n<meta property=\"article:publisher\" content=\"https:\/\/www.facebook.com\/comitatoaradinormalariano\/\" \/>\r\n<meta property=\"article:modified_time\" content=\"2018-03-21T01:35:12+00:00\" \/>\r\n<meta property=\"og:image\" content=\"https:\/\/www.comitatoaradinorma.it\/aradinorma\/wp-content\/uploads\/2018\/03\/LOGO-SITO-512X512.png\" \/>\r\n\t<meta property=\"og:image:width\" content=\"512\" \/>\r\n\t<meta property=\"og:image:height\" content=\"512\" \/>\r\n\t<meta property=\"og:image:type\" content=\"image\/png\" \/>\r\n<meta name=\"twitter:card\" content=\"summary_large_image\" \/>\r\n<meta name=\"twitter:label1\" content=\"Tempo di lettura stimato\" \/>\n\t<meta name=\"twitter:data1\" content=\"3 minuti\" \/>\r\n<script type=\"application\/ld+json\" class=\"yoast-schema-graph\">{\"@context\":\"https:\\\/\\\/schema.org\",\"@graph\":[{\"@type\":\"WebPage\",\"@id\":\"https:\\\/\\\/www.comitatoaradinorma.it\\\/aradinorma\\\/2016-2\\\/\",\"url\":\"https:\\\/\\\/www.comitatoaradinorma.it\\\/aradinorma\\\/2016-2\\\/\",\"name\":\"2016 - www.comitatoaradinorma.it\",\"isPartOf\":{\"@id\":\"https:\\\/\\\/www.comitatoaradinorma.it\\\/aradinorma\\\/#website\"},\"datePublished\":\"2018-03-03T12:07:13+00:00\",\"dateModified\":\"2018-03-21T01:35:12+00:00\",\"breadcrumb\":{\"@id\":\"https:\\\/\\\/www.comitatoaradinorma.it\\\/aradinorma\\\/2016-2\\\/#breadcrumb\"},\"inLanguage\":\"it-IT\",\"potentialAction\":[{\"@type\":\"ReadAction\",\"target\":[\"https:\\\/\\\/www.comitatoaradinorma.it\\\/aradinorma\\\/2016-2\\\/\"]}]},{\"@type\":\"BreadcrumbList\",\"@id\":\"https:\\\/\\\/www.comitatoaradinorma.it\\\/aradinorma\\\/2016-2\\\/#breadcrumb\",\"itemListElement\":[{\"@type\":\"ListItem\",\"position\":1,\"name\":\"Home\",\"item\":\"https:\\\/\\\/www.comitatoaradinorma.it\\\/aradinorma\\\/\"},{\"@type\":\"ListItem\",\"position\":2,\"name\":\"2016\"}]},{\"@type\":\"WebSite\",\"@id\":\"https:\\\/\\\/www.comitatoaradinorma.it\\\/aradinorma\\\/#website\",\"url\":\"https:\\\/\\\/www.comitatoaradinorma.it\\\/aradinorma\\\/\",\"name\":\"www.comitatoaradinorma.it\",\"description\":\"\",\"publisher\":{\"@id\":\"https:\\\/\\\/www.comitatoaradinorma.it\\\/aradinorma\\\/#organization\"},\"potentialAction\":[{\"@type\":\"SearchAction\",\"target\":{\"@type\":\"EntryPoint\",\"urlTemplate\":\"https:\\\/\\\/www.comitatoaradinorma.it\\\/aradinorma\\\/?s={search_term_string}\"},\"query-input\":{\"@type\":\"PropertyValueSpecification\",\"valueRequired\":true,\"valueName\":\"search_term_string\"}}],\"inLanguage\":\"it-IT\"},{\"@type\":\"Organization\",\"@id\":\"https:\\\/\\\/www.comitatoaradinorma.it\\\/aradinorma\\\/#organization\",\"name\":\"comitato associazione ara di norma\",\"url\":\"https:\\\/\\\/www.comitatoaradinorma.it\\\/aradinorma\\\/\",\"logo\":{\"@type\":\"ImageObject\",\"inLanguage\":\"it-IT\",\"@id\":\"https:\\\/\\\/www.comitatoaradinorma.it\\\/aradinorma\\\/#\\\/schema\\\/logo\\\/image\\\/\",\"url\":\"https:\\\/\\\/www.comitatoaradinorma.it\\\/aradinorma\\\/wp-content\\\/uploads\\\/2022\\\/05\\\/logo-comitato-per-casacche.png\",\"contentUrl\":\"https:\\\/\\\/www.comitatoaradinorma.it\\\/aradinorma\\\/wp-content\\\/uploads\\\/2022\\\/05\\\/logo-comitato-per-casacche.png\",\"width\":1770,\"height\":2369,\"caption\":\"comitato associazione ara di norma\"},\"image\":{\"@id\":\"https:\\\/\\\/www.comitatoaradinorma.it\\\/aradinorma\\\/#\\\/schema\\\/logo\\\/image\\\/\"},\"sameAs\":[\"https:\\\/\\\/www.facebook.com\\\/comitatoaradinormalariano\\\/\"]}]}<\/script>\r\n<!-- \/ Yoast SEO plugin. -->","yoast_head_json":{"title":"2016 - www.comitatoaradinorma.it","robots":{"index":"index","follow":"follow","max-snippet":"max-snippet:-1","max-image-preview":"max-image-preview:large","max-video-preview":"max-video-preview:-1"},"canonical":"https:\/\/www.comitatoaradinorma.it\/aradinorma\/2016-2\/","og_locale":"it_IT","og_type":"article","og_title":"2016 - www.comitatoaradinorma.it","og_description":"ASSOCIAZIONE&nbsp; \u201cCOMITATO ARA DI NORMA\u201d Lo scorso luned\u00ec 9 Maggio, in Piazzale Martiri della Libert\u00e0 si \u00e8 fatto un salto indietro nel Tempo, tutti i presenti hanno avuto la possibilit\u00e0 ...","og_url":"https:\/\/www.comitatoaradinorma.it\/aradinorma\/2016-2\/","og_site_name":"www.comitatoaradinorma.it","article_publisher":"https:\/\/www.facebook.com\/comitatoaradinormalariano\/","article_modified_time":"2018-03-21T01:35:12+00:00","og_image":[{"width":512,"height":512,"url":"https:\/\/www.comitatoaradinorma.it\/aradinorma\/wp-content\/uploads\/2018\/03\/LOGO-SITO-512X512.png","type":"image\/png"}],"twitter_card":"summary_large_image","twitter_misc":{"Tempo di lettura stimato":"3 minuti"},"schema":{"@context":"https:\/\/schema.org","@graph":[{"@type":"WebPage","@id":"https:\/\/www.comitatoaradinorma.it\/aradinorma\/2016-2\/","url":"https:\/\/www.comitatoaradinorma.it\/aradinorma\/2016-2\/","name":"2016 - www.comitatoaradinorma.it","isPartOf":{"@id":"https:\/\/www.comitatoaradinorma.it\/aradinorma\/#website"},"datePublished":"2018-03-03T12:07:13+00:00","dateModified":"2018-03-21T01:35:12+00:00","breadcrumb":{"@id":"https:\/\/www.comitatoaradinorma.it\/aradinorma\/2016-2\/#breadcrumb"},"inLanguage":"it-IT","potentialAction":[{"@type":"ReadAction","target":["https:\/\/www.comitatoaradinorma.it\/aradinorma\/2016-2\/"]}]},{"@type":"BreadcrumbList","@id":"https:\/\/www.comitatoaradinorma.it\/aradinorma\/2016-2\/#breadcrumb","itemListElement":[{"@type":"ListItem","position":1,"name":"Home","item":"https:\/\/www.comitatoaradinorma.it\/aradinorma\/"},{"@type":"ListItem","position":2,"name":"2016"}]},{"@type":"WebSite","@id":"https:\/\/www.comitatoaradinorma.it\/aradinorma\/#website","url":"https:\/\/www.comitatoaradinorma.it\/aradinorma\/","name":"www.comitatoaradinorma.it","description":"","publisher":{"@id":"https:\/\/www.comitatoaradinorma.it\/aradinorma\/#organization"},"potentialAction":[{"@type":"SearchAction","target":{"@type":"EntryPoint","urlTemplate":"https:\/\/www.comitatoaradinorma.it\/aradinorma\/?s={search_term_string}"},"query-input":{"@type":"PropertyValueSpecification","valueRequired":true,"valueName":"search_term_string"}}],"inLanguage":"it-IT"},{"@type":"Organization","@id":"https:\/\/www.comitatoaradinorma.it\/aradinorma\/#organization","name":"comitato associazione ara di norma","url":"https:\/\/www.comitatoaradinorma.it\/aradinorma\/","logo":{"@type":"ImageObject","inLanguage":"it-IT","@id":"https:\/\/www.comitatoaradinorma.it\/aradinorma\/#\/schema\/logo\/image\/","url":"https:\/\/www.comitatoaradinorma.it\/aradinorma\/wp-content\/uploads\/2022\/05\/logo-comitato-per-casacche.png","contentUrl":"https:\/\/www.comitatoaradinorma.it\/aradinorma\/wp-content\/uploads\/2022\/05\/logo-comitato-per-casacche.png","width":1770,"height":2369,"caption":"comitato associazione ara di norma"},"image":{"@id":"https:\/\/www.comitatoaradinorma.it\/aradinorma\/#\/schema\/logo\/image\/"},"sameAs":["https:\/\/www.facebook.com\/comitatoaradinormalariano\/"]}]}},"_links":{"self":[{"href":"https:\/\/www.comitatoaradinorma.it\/aradinorma\/wp-json\/wp\/v2\/pages\/302","targetHints":{"allow":["GET"]}}],"collection":[{"href":"https:\/\/www.comitatoaradinorma.it\/aradinorma\/wp-json\/wp\/v2\/pages"}],"about":[{"href":"https:\/\/www.comitatoaradinorma.it\/aradinorma\/wp-json\/wp\/v2\/types\/page"}],"author":[{"embeddable":true,"href":"https:\/\/www.comitatoaradinorma.it\/aradinorma\/wp-json\/wp\/v2\/users\/1"}],"replies":[{"embeddable":true,"href":"https:\/\/www.comitatoaradinorma.it\/aradinorma\/wp-json\/wp\/v2\/comments?post=302"}],"version-history":[{"count":17,"href":"https:\/\/www.comitatoaradinorma.it\/aradinorma\/wp-json\/wp\/v2\/pages\/302\/revisions"}],"predecessor-version":[{"id":885,"href":"https:\/\/www.comitatoaradinorma.it\/aradinorma\/wp-json\/wp\/v2\/pages\/302\/revisions\/885"}],"wp:attachment":[{"href":"https:\/\/www.comitatoaradinorma.it\/aradinorma\/wp-json\/wp\/v2\/media?parent=302"}],"curies":[{"name":"wp","href":"https:\/\/api.w.org\/{rel}","templated":true}]}}