{"id":296,"date":"2018-03-03T13:06:47","date_gmt":"2018-03-03T12:06:47","guid":{"rendered":"http:\/\/www.comitatoaradinorma.it\/aradinorma\/?page_id=296"},"modified":"2018-03-21T02:33:01","modified_gmt":"2018-03-21T01:33:01","slug":"2014-2","status":"publish","type":"page","link":"https:\/\/www.comitatoaradinorma.it\/aradinorma\/2014-2\/","title":{"rendered":"2014"},"content":{"rendered":"<div id=\"pl-296\"  class=\"panel-layout\" ><div id=\"pg-296-0\"  class=\"panel-grid panel-has-style\" ><div class=\"panel-row-style panel-row-style-for-296-0\" ><div id=\"pgc-296-0-0\"  class=\"panel-grid-cell panel-grid-cell-mobile-last\" ><div id=\"panel-296-0-0-0\" class=\"so-panel widget widget_sow-editor panel-first-child panel-last-child\" data-index=\"0\" ><div\n\t\t\t\n\t\t\tclass=\"so-widget-sow-editor so-widget-sow-editor-base\"\n\t\t\t\n\t\t><h3 class=\"widget-title\">GIORNATA DELLA SALUTE<\/h3>\n<div class=\"siteorigin-widget-tinymce textwidget\">\n\t<div class=\"siteorigin-widget-tinymce textwidget\">\n<p align=\"JUSTIFY\"><span style=\"font-size: small;\">GRANDE PARTECIPAZIONE ALLA GIORNATA DELLA SALUTE<\/span><\/p>\n<p align=\"JUSTIFY\"><span style=\"font-size: small;\">Come gi\u00e0 avevamo annunciato in un precedente articolo Domenica 7 Aprile a Lariano si \u00e8 svolta \u201cLa Giornata della Salute\u201d in occasione della giornata mondiale della Sanit\u00e0. L\u2019evento, organizzato dalla Associazione Liberi e Forti, con il patrocinio della ASL RH e in collaborazione con l\u2019Avis di Lariano, la protezione civile Santarsiero, l\u2019Associazione prodotti tipici Larianesi, Associazione Comitato Ara di Norma e associazione A.l.b.a Onlus. La Manifestazione si \u00e8 Tenuta nella centralissima piazza Santa Eurosia nella giornata di Domenica 7 aprile. Alle ore 9,00 gi\u00e0 una fila interminabile di persone era pronta a prendere la prenotazione per poter verificare un test sanitario che consisteva in un test Glicemico, controllo della pressione arteriosa, Ossigenazione del sangue, Elettrocardiogramma e visite specialistiche per il controllo della salute e in particolare per la prevenzione delle malattie cardiovascolari. A disposizione un nutrito gruppo di medici specializzati, infermieri professionali e personale qualificato quattro cardiologi, Il Dott. Natale Belardino, la Dott.ssa Cio\u00e8 Roberta, il Dott. Giuseppe Mosti e la Dott. ssa Remiddi Francesca. La Dott.ssa Mirna Mercuri, dietologa, la Dott. ssa Verri Cristina, urologo perfezionato anche in diabetologia, il Dott. Marco Petrilli medico dentista e il Dott. Gianluca Casagrande Raffi Anestesista. L\u2019associazione liberi e forti nell\u2019organizzare questo evento ha voluto dare il suo contributo alla vita sociale e culturale di Lariano, cercando di stare vicino ai propri cittadini in modo concreto e costruttivo. Con questa iniziativa, ha detto il dott. Casagrande, vogliamo contribuire ad aumentare la qualit\u00e0 della nostra vita con un programma di prevenzione di alcune importanti malattie del nostro tempo. Una iniziativa che ripeteremo nei prossimi anni. E\u2019 stata una iniziativa, come dicevamo in premessa, molto seguita dai cittadini di Lariano tanto che alle ore 13,00 dai dati forniti dal centro di raccolta risultava che ben 230 cittadini avevano usufruito del servizio. Alle ore 15 e fino alle ore 19 ancora una fila interminabile di persone era in attesa del proprio turno per poter effettuare il test. Importante anche la logistica offerta dall\u2019Avis Comunale di Lariano, dalla Protezione Civile Santarsiero di Lariano che ha messo a disposizione l\u2019ambulanza e i rappresentanti delle varie associazioni che hanno curato tutta l\u2019organizzazione della manifestazione. Un plauso a tutti per l\u2019organizzazione della giornata che sicuramente, visto il gradimento della gente, v\u00e0 ripetuta.<\/span><\/p>\n<p align=\"JUSTIFY\">&nbsp;<\/p>\n<p align=\"JUSTIFY\">\n<\/div>\n<\/div>\n<\/div><\/div><\/div><div id=\"pgc-296-0-1\"  class=\"panel-grid-cell panel-grid-cell-empty\" ><\/div><\/div><\/div><div id=\"pg-296-1\"  class=\"panel-grid panel-has-style\" ><div class=\"panel-row-style panel-row-style-for-296-1\" ><div id=\"pgc-296-1-0\"  class=\"panel-grid-cell panel-grid-cell-empty\" ><\/div><div id=\"pgc-296-1-1\"  class=\"panel-grid-cell\" ><div id=\"panel-296-1-1-0\" class=\"so-panel widget widget_sow-editor panel-first-child panel-last-child\" data-index=\"1\" ><div\n\t\t\t\n\t\t\tclass=\"so-widget-sow-editor so-widget-sow-editor-base\"\n\t\t\t\n\t\t><h3 class=\"widget-title\">ARCHEOLOGIA UOMO E TERRITORIO<\/h3>\n<div class=\"siteorigin-widget-tinymce textwidget\">\n\t<div class=\"siteorigin-widget-tinymce textwidget\">\n<p align=\"JUSTIFY\"><span style=\"font-size: small;\">Sono anche queste le iniziative che promuovono un territorio...la promozione dei sapori,delle tradizioni del presente associate alla riscoperta delle nostre radici e il coinvolgimento di tutta la comunit\u00e0,a partire dai nostri bambini.. Mi sembra la strada giusta da seguire per poter valorizzare appieno il nostro paese... Lariano al centro di ogni nostro progetto. Un plauso va a tutta l'associazione!!!!<\/span><\/p>\n<\/div>\n<\/div>\n<\/div><\/div><\/div><\/div><\/div><div id=\"pg-296-2\"  class=\"panel-grid panel-has-style\" ><div class=\"panel-row-style panel-row-style-for-296-2\" ><div id=\"pgc-296-2-0\"  class=\"panel-grid-cell panel-grid-cell-mobile-last\" ><div id=\"panel-296-2-0-0\" class=\"so-panel widget widget_sow-editor panel-first-child panel-last-child\" data-index=\"2\" ><div\n\t\t\t\n\t\t\tclass=\"so-widget-sow-editor so-widget-sow-editor-base\"\n\t\t\t\n\t\t><h3 class=\"widget-title\">'O FAVORE<\/h3>\n<div class=\"siteorigin-widget-tinymce textwidget\">\n\t<div class=\"siteorigin-widget-tinymce textwidget\">\n<p align=\"JUSTIFY\"><strong><span style=\"font-size: small;\">Il Comitato Ara di Norma, Colle Paccione e Valle Blasi presentano \u201c0 Favore da Concetta\u201d<\/span><\/strong><\/p>\n<p align=\"JUSTIFY\"><span style=\"font-size: small;\">Erano ormai anni che nelle contrade di Lariano non si vedevano cos\u00ec tanti fuochi come accadeva in un recente passato. \u201c o favore\u201d \u00e8 una tradizione antica, legata alle mitologie solari, che nel corso dei secoli sono state assorbite dalle feste religiose della tradizione cristiana. La sera dell\u20198 dicembre, negli Stazzi dei nostri nonni e bisnonni, i ragazzi delle diverse contrade accendevano dei fal\u00f2, con lo scopo di realizzare il pi\u00f9 grande e affermare la superiorit\u00e0 della propria contrada. Un grande fuoco acceso, come raccontavano i nonni, per scaldare la Madonna. Oggi, forse, molto del valore simbolico non c\u2019\u00e8 pi\u00f9, ma \u00e8 bello vedere come una vecchia tradizione non sia ancora andata persa. \u201cO favore\u201d rappresenta tuttora un momento di aggregazione per molte persone, pi\u00f9 o meno giovani, che per una sera tornano a riunirsi attorno a un fuoco, come vuole la tradizione contadina, quando si sostava attorno al fuoco fino a notte fonda per ascoltare le storie dei pi\u00f9 anziani e aspettare che le patate arrostissero sotto la cenere. E come dicevamo in premessa quest\u2019anno la tradizione \u00e8 stata ripresa da diverse contrade lo ha fatto la contrada di Colle Paccione vicino alla madonna del bosco dopo aver pregato vicino alla rappresentazione, lo ha fatto il comitato di Via dei Volsci in occasione dell\u2019inaugurazione del presepe, via di Valle Blasi \u00e8 il Comitato di Ara di Norma che \u00e8 riuscito a presentare \u201cO favore \u201c pi\u00f9 grande. Alle ore 17,30 in punto, dopo la benedizione di Padre Vincenzo Molinaro, il presidente del Comitato, Stefano Petrilli, ha dato ordine di accendere il fal\u00f2 che ha illuminato per circa un\u2019ora tutto Piazzale Martiri della Libert\u00e0. Erano presenti all\u2019avvenimento il sindaco di Lariano Maurizio Caliciotti, il vice sindaco Sergio Bartoli, l\u2019assessore Walter Pantoni che hanno a lungo presenziato la manifestazione. Durante la serata ai tanti cittadini intervenuti il Comitato di Ara di Norma ha offerto un lauto rinfresco con vino locale e un piatto di pasta e fagioli preparato dalle cucine del Ristorante il Bersagliere di Lariano e cos\u00ec \u00e8 stata rispettata la tradizione.<\/span><\/p>\n<p align=\"JUSTIFY\">\n<p align=\"JUSTIFY\">\n<p align=\"JUSTIFY\"><span style=\"font-size: small;\">Claudio Caponera<\/span><\/p>\n<p align=\"JUSTIFY\"><span style=\"font-size: small;\">&nbsp;<\/span><\/p>\n<\/div>\n<\/div>\n<\/div><\/div><\/div><div id=\"pgc-296-2-1\"  class=\"panel-grid-cell panel-grid-cell-empty\" ><\/div><\/div><\/div><div id=\"pg-296-3\"  class=\"panel-grid panel-has-style\" ><div class=\"panel-row-style panel-row-style-for-296-3\" ><div id=\"pgc-296-3-0\"  class=\"panel-grid-cell panel-grid-cell-empty\" ><\/div><div id=\"pgc-296-3-1\"  class=\"panel-grid-cell\" ><div id=\"panel-296-3-1-0\" class=\"so-panel widget widget_sow-editor panel-first-child panel-last-child\" data-index=\"3\" ><div\n\t\t\t\n\t\t\tclass=\"so-widget-sow-editor so-widget-sow-editor-base\"\n\t\t\t\n\t\t><h3 class=\"widget-title\">LAVORI A PIAZZALE MARTIRI DELLA LIBERTA'<\/h3>\n<div class=\"siteorigin-widget-tinymce textwidget\">\n\t<div class=\"siteorigin-widget-tinymce textwidget\">\n<p align=\"JUSTIFY\"><span style=\"font-size: small;\"><b>INAUGURATI I LAVORI DI PIAZZALE MARTIRI DELLA LIBERTA\u2019, FESTEGGIAMENTI IN VIA DEI VOLSCI E PER LA MADONNA DEL BUON CONSIGLIO<\/b><\/span><\/p>\n<p align=\"JUSTIFY\"><span style=\"font-size: small;\">Sabato 31 Agosto 2013 in Piazzale Martiri della Libert\u00e0 sono stati inaugurati i lavori di ripristino di una parte del muro di cinta del Giardino e il restauro della statua di Cristo Re. E\u2019 stata una festa semplice con musica dal vivo e karaoke. Alle ore 19,00 proprio vicino alla statua \u00e8 stata officiata una messa da Padre Rosario e poi la inaugurazione dei lavori, tra le autorit\u00e0 erano presenti alcuni amministratori comunali che hanno preso atto dell\u2019impegno profuso dall\u2019associazione di Ara di Norma nel sistemare il verde attrezzato. Per l\u2019occasione sono stati istallati altri tavoli di Legno all\u2019interno dell\u2019area ombreggiata forniti da alcune ditte di legnami di Lariano. A fine della cerimonia religiosa \u00e8 stato aperto lo stand gastronomico con la preparazione degli arrosticini di pecora e poi musica e canti con Marsella e Giordana Gori. Alla fine della riuscita manifestazione il Presidente del Comitato Ara di Norma ha voluto ringraziare tutti gli sponsor che hanno consentito di svolgere la serata e soprattutto i componenti del comitato che in questi giorni si sono impegnati ad effettuare i lavori di ripristino del verde pubblico attrezzato. Sabato 7 Settembre invece in Via dei Volsci, i cittadini della zona, hanno organizzato una serata nella quale sono stati distribuiti prodotti tipici locali offerti dal Ristorante Patrizia, dal Ristorante Da Bruno, dal Centro Commerciale Sisa Market il tutto accompagnato dalla buona musica della Mastrotello Band. In Piazzale Luigi Brass, infine, si sono conclusi i festeggiamenti in onore della Madonna del Buon Consiglio che ha visto la partecipazione di molti cittadini.<\/span><\/p>\n<p align=\"JUSTIFY\"><span style=\"font-size: small;\">Claudio Caponera<\/span><\/p>\n<\/div>\n<\/div>\n<\/div><\/div><\/div><\/div><\/div><div id=\"pg-296-4\"  class=\"panel-grid panel-has-style\" ><div class=\"panel-row-style panel-row-style-for-296-4\" ><div id=\"pgc-296-4-0\"  class=\"panel-grid-cell panel-grid-cell-mobile-last\" ><div id=\"panel-296-4-0-0\" class=\"so-panel widget widget_sow-editor panel-first-child panel-last-child\" data-index=\"4\" ><div\n\t\t\t\n\t\t\tclass=\"so-widget-sow-editor so-widget-sow-editor-base\"\n\t\t\t\n\t\t><h3 class=\"widget-title\">PRESEPE<\/h3>\n<div class=\"siteorigin-widget-tinymce textwidget\">\n\t<div class=\"siteorigin-widget-tinymce textwidget\">\n<p align=\"JUSTIFY\"><span style=\"font-size: small;\">Ringraziamo tutti i partecipanti all'inaugurazione del presepe presso la nostra contrada, specialmente il Sig. Sindaco e l'amministrazione Comunale, il Parroco Padre Vincenzo, la Banda Musicale \"Citta di Lariano\". Un ringraziamento particolare va a tutti i bambini delle classi 3 elementari di tutti i plessi scolastici dell'istituto comprensivo di Lariano ed alle loro maestre, al Sig. Dirigente scolastico che ha condiviso questo nostro progetto fin dall'inizio, a tutti i soci e il gruppo delle ragazze dell'Ara di Norma che hanno costruito tutto l'allestimento delle sagome disegnate dai bambini. Il plauso mio va a tutta l'Associazione ed in particolar modo ai Soci Dr.ssa Rachele Modesto e Giuliano Petrilli \"Zi Giuglio\" la prima, ideatrice di questo progetto, il secondo, (Artista) curatore di tutto il presepe. Vi ringrazio ancora per l'impegno e auguro a tutti Buone Feste. Stefano Petrilli.<\/span><\/p>\n<\/div>\n<\/div>\n<\/div><\/div><\/div><div id=\"pgc-296-4-1\"  class=\"panel-grid-cell panel-grid-cell-empty\" ><\/div><\/div><\/div><div id=\"pg-296-5\"  class=\"panel-grid panel-no-style\" ><div id=\"pgc-296-5-0\"  class=\"panel-grid-cell\" ><div id=\"panel-296-5-0-0\" class=\"so-panel widget widget_sow-image-grid panel-first-child panel-last-child\" data-index=\"5\" ><div\n\t\t\t\n\t\t\tclass=\"so-widget-sow-image-grid so-widget-sow-image-grid-default-3fbf13dff59f-296\"\n\t\t\t\n\t\t>\t<div\n\t\tclass=\"sow-image-grid-wrapper\"\n\t\tdata-max-width=\"100\"\t\tdata-max-height=\"100\"\t>\n\t\t\t\t\t<div class=\"sow-image-grid-image\">\n\t\t\t\t\t\t\t\t\t\t\t\t\t<a href=\"https:\/\/www.comitatoaradinorma.it\/aradinorma\/2013-2\/\"\n\t\t\t\t\t>\n\t\t\t\t\t\t\t\t<img decoding=\"async\" width=\"150\" height=\"56\" src=\"https:\/\/www.comitatoaradinorma.it\/aradinorma\/wp-content\/uploads\/2018\/03\/2013.png\" class=\"sow-image-grid-image_html\" alt=\"\" title=\"\" srcset=\"https:\/\/www.comitatoaradinorma.it\/aradinorma\/wp-content\/uploads\/2018\/03\/2013.png 500w, https:\/\/www.comitatoaradinorma.it\/aradinorma\/wp-content\/uploads\/2018\/03\/2013-300x112.png 300w\" sizes=\"(max-width: 150px) 100vw, 150px\" \/>\t\t\t\t\t\t\t\t\t<\/a>\n\t\t\t\t\t\t\t\t\t\t\t<\/div>\n\t\t\t\t\t<div class=\"sow-image-grid-image\">\n\t\t\t\t\t\t\t\t\t\t\t\t\t<a href=\"https:\/\/www.comitatoaradinorma.it\/aradinorma\/2014-2\/\"\n\t\t\t\t\t>\n\t\t\t\t\t\t\t\t<img decoding=\"async\" width=\"150\" height=\"56\" src=\"https:\/\/www.comitatoaradinorma.it\/aradinorma\/wp-content\/uploads\/2018\/03\/2014.png\" class=\"sow-image-grid-image_html\" alt=\"\" title=\"\" srcset=\"https:\/\/www.comitatoaradinorma.it\/aradinorma\/wp-content\/uploads\/2018\/03\/2014.png 500w, https:\/\/www.comitatoaradinorma.it\/aradinorma\/wp-content\/uploads\/2018\/03\/2014-300x112.png 300w\" sizes=\"(max-width: 150px) 100vw, 150px\" \/>\t\t\t\t\t\t\t\t\t<\/a>\n\t\t\t\t\t\t\t\t\t\t\t<\/div>\n\t\t\t\t\t<div class=\"sow-image-grid-image\">\n\t\t\t\t\t\t\t\t\t\t\t\t\t<a href=\"https:\/\/www.comitatoaradinorma.it\/aradinorma\/2015-2\/\"\n\t\t\t\t\t>\n\t\t\t\t\t\t\t\t<img decoding=\"async\" width=\"150\" height=\"56\" src=\"https:\/\/www.comitatoaradinorma.it\/aradinorma\/wp-content\/uploads\/2018\/03\/2015.png\" class=\"sow-image-grid-image_html\" alt=\"\" title=\"\" srcset=\"https:\/\/www.comitatoaradinorma.it\/aradinorma\/wp-content\/uploads\/2018\/03\/2015.png 500w, https:\/\/www.comitatoaradinorma.it\/aradinorma\/wp-content\/uploads\/2018\/03\/2015-300x112.png 300w\" sizes=\"(max-width: 150px) 100vw, 150px\" \/>\t\t\t\t\t\t\t\t\t<\/a>\n\t\t\t\t\t\t\t\t\t\t\t<\/div>\n\t\t\t\t\t<div class=\"sow-image-grid-image\">\n\t\t\t\t\t\t\t\t\t\t\t\t\t<a href=\"https:\/\/www.comitatoaradinorma.it\/aradinorma\/2016-2\/\"\n\t\t\t\t\t>\n\t\t\t\t\t\t\t\t<img loading=\"lazy\" decoding=\"async\" width=\"150\" height=\"56\" src=\"https:\/\/www.comitatoaradinorma.it\/aradinorma\/wp-content\/uploads\/2018\/03\/2016.png\" class=\"sow-image-grid-image_html\" alt=\"\" title=\"\" srcset=\"https:\/\/www.comitatoaradinorma.it\/aradinorma\/wp-content\/uploads\/2018\/03\/2016.png 500w, https:\/\/www.comitatoaradinorma.it\/aradinorma\/wp-content\/uploads\/2018\/03\/2016-300x112.png 300w\" sizes=\"(max-width: 150px) 100vw, 150px\" \/>\t\t\t\t\t\t\t\t\t<\/a>\n\t\t\t\t\t\t\t\t\t\t\t<\/div>\n\t\t\t<\/div>\n<\/div><\/div><\/div><\/div><\/div>","protected":false},"excerpt":{"rendered":"<p>GRANDE PARTECIPAZIONE ALLA GIORNATA DELLA SALUTE Come gi\u00e0 avevamo annunciato in un precedente articolo Domenica 7 Aprile a Lariano si \u00e8 svolta \u201cLa Giornata della Salute\u201d in occasione della giornata &#8230;<\/p>\n","protected":false},"author":1,"featured_media":0,"parent":0,"menu_order":0,"comment_status":"closed","ping_status":"closed","template":"page_fullwidth.php","meta":{"footnotes":""},"class_list":["post-296","page","type-page","status-publish","hentry"],"yoast_head":"<!-- This site is optimized with the Yoast SEO plugin v27.4 - https:\/\/yoast.com\/product\/yoast-seo-wordpress\/ -->\r\n<title>2014 - www.comitatoaradinorma.it<\/title>\r\n<meta name=\"robots\" content=\"index, follow, max-snippet:-1, max-image-preview:large, max-video-preview:-1\" \/>\r\n<link rel=\"canonical\" href=\"https:\/\/www.comitatoaradinorma.it\/aradinorma\/2014-2\/\" \/>\r\n<meta property=\"og:locale\" content=\"it_IT\" \/>\r\n<meta property=\"og:type\" content=\"article\" \/>\r\n<meta property=\"og:title\" content=\"2014 - www.comitatoaradinorma.it\" \/>\r\n<meta property=\"og:description\" content=\"GRANDE PARTECIPAZIONE ALLA GIORNATA DELLA SALUTE Come gi\u00e0 avevamo annunciato in un precedente articolo Domenica 7 Aprile a Lariano si \u00e8 svolta \u201cLa Giornata della Salute\u201d in occasione della giornata ...\" \/>\r\n<meta property=\"og:url\" content=\"https:\/\/www.comitatoaradinorma.it\/aradinorma\/2014-2\/\" \/>\r\n<meta property=\"og:site_name\" content=\"www.comitatoaradinorma.it\" \/>\r\n<meta property=\"article:publisher\" content=\"https:\/\/www.facebook.com\/comitatoaradinormalariano\/\" \/>\r\n<meta property=\"article:modified_time\" content=\"2018-03-21T01:33:01+00:00\" \/>\r\n<meta property=\"og:image\" content=\"https:\/\/www.comitatoaradinorma.it\/aradinorma\/wp-content\/uploads\/2018\/03\/LOGO-SITO-512X512.png\" \/>\r\n\t<meta property=\"og:image:width\" content=\"512\" \/>\r\n\t<meta property=\"og:image:height\" content=\"512\" \/>\r\n\t<meta property=\"og:image:type\" content=\"image\/png\" \/>\r\n<meta name=\"twitter:card\" content=\"summary_large_image\" \/>\r\n<meta name=\"twitter:label1\" content=\"Tempo di lettura stimato\" \/>\n\t<meta name=\"twitter:data1\" content=\"6 minuti\" \/>\r\n<script type=\"application\/ld+json\" class=\"yoast-schema-graph\">{\"@context\":\"https:\\\/\\\/schema.org\",\"@graph\":[{\"@type\":\"WebPage\",\"@id\":\"https:\\\/\\\/www.comitatoaradinorma.it\\\/aradinorma\\\/2014-2\\\/\",\"url\":\"https:\\\/\\\/www.comitatoaradinorma.it\\\/aradinorma\\\/2014-2\\\/\",\"name\":\"2014 - www.comitatoaradinorma.it\",\"isPartOf\":{\"@id\":\"https:\\\/\\\/www.comitatoaradinorma.it\\\/aradinorma\\\/#website\"},\"datePublished\":\"2018-03-03T12:06:47+00:00\",\"dateModified\":\"2018-03-21T01:33:01+00:00\",\"breadcrumb\":{\"@id\":\"https:\\\/\\\/www.comitatoaradinorma.it\\\/aradinorma\\\/2014-2\\\/#breadcrumb\"},\"inLanguage\":\"it-IT\",\"potentialAction\":[{\"@type\":\"ReadAction\",\"target\":[\"https:\\\/\\\/www.comitatoaradinorma.it\\\/aradinorma\\\/2014-2\\\/\"]}]},{\"@type\":\"BreadcrumbList\",\"@id\":\"https:\\\/\\\/www.comitatoaradinorma.it\\\/aradinorma\\\/2014-2\\\/#breadcrumb\",\"itemListElement\":[{\"@type\":\"ListItem\",\"position\":1,\"name\":\"Home\",\"item\":\"https:\\\/\\\/www.comitatoaradinorma.it\\\/aradinorma\\\/\"},{\"@type\":\"ListItem\",\"position\":2,\"name\":\"2014\"}]},{\"@type\":\"WebSite\",\"@id\":\"https:\\\/\\\/www.comitatoaradinorma.it\\\/aradinorma\\\/#website\",\"url\":\"https:\\\/\\\/www.comitatoaradinorma.it\\\/aradinorma\\\/\",\"name\":\"www.comitatoaradinorma.it\",\"description\":\"\",\"publisher\":{\"@id\":\"https:\\\/\\\/www.comitatoaradinorma.it\\\/aradinorma\\\/#organization\"},\"potentialAction\":[{\"@type\":\"SearchAction\",\"target\":{\"@type\":\"EntryPoint\",\"urlTemplate\":\"https:\\\/\\\/www.comitatoaradinorma.it\\\/aradinorma\\\/?s={search_term_string}\"},\"query-input\":{\"@type\":\"PropertyValueSpecification\",\"valueRequired\":true,\"valueName\":\"search_term_string\"}}],\"inLanguage\":\"it-IT\"},{\"@type\":\"Organization\",\"@id\":\"https:\\\/\\\/www.comitatoaradinorma.it\\\/aradinorma\\\/#organization\",\"name\":\"comitato associazione ara di norma\",\"url\":\"https:\\\/\\\/www.comitatoaradinorma.it\\\/aradinorma\\\/\",\"logo\":{\"@type\":\"ImageObject\",\"inLanguage\":\"it-IT\",\"@id\":\"https:\\\/\\\/www.comitatoaradinorma.it\\\/aradinorma\\\/#\\\/schema\\\/logo\\\/image\\\/\",\"url\":\"https:\\\/\\\/www.comitatoaradinorma.it\\\/aradinorma\\\/wp-content\\\/uploads\\\/2022\\\/05\\\/logo-comitato-per-casacche.png\",\"contentUrl\":\"https:\\\/\\\/www.comitatoaradinorma.it\\\/aradinorma\\\/wp-content\\\/uploads\\\/2022\\\/05\\\/logo-comitato-per-casacche.png\",\"width\":1770,\"height\":2369,\"caption\":\"comitato associazione ara di norma\"},\"image\":{\"@id\":\"https:\\\/\\\/www.comitatoaradinorma.it\\\/aradinorma\\\/#\\\/schema\\\/logo\\\/image\\\/\"},\"sameAs\":[\"https:\\\/\\\/www.facebook.com\\\/comitatoaradinormalariano\\\/\"]}]}<\/script>\r\n<!-- \/ Yoast SEO plugin. -->","yoast_head_json":{"title":"2014 - www.comitatoaradinorma.it","robots":{"index":"index","follow":"follow","max-snippet":"max-snippet:-1","max-image-preview":"max-image-preview:large","max-video-preview":"max-video-preview:-1"},"canonical":"https:\/\/www.comitatoaradinorma.it\/aradinorma\/2014-2\/","og_locale":"it_IT","og_type":"article","og_title":"2014 - www.comitatoaradinorma.it","og_description":"GRANDE PARTECIPAZIONE ALLA GIORNATA DELLA SALUTE Come gi\u00e0 avevamo annunciato in un precedente articolo Domenica 7 Aprile a Lariano si \u00e8 svolta \u201cLa Giornata della Salute\u201d in occasione della giornata ...","og_url":"https:\/\/www.comitatoaradinorma.it\/aradinorma\/2014-2\/","og_site_name":"www.comitatoaradinorma.it","article_publisher":"https:\/\/www.facebook.com\/comitatoaradinormalariano\/","article_modified_time":"2018-03-21T01:33:01+00:00","og_image":[{"width":512,"height":512,"url":"https:\/\/www.comitatoaradinorma.it\/aradinorma\/wp-content\/uploads\/2018\/03\/LOGO-SITO-512X512.png","type":"image\/png"}],"twitter_card":"summary_large_image","twitter_misc":{"Tempo di lettura stimato":"6 minuti"},"schema":{"@context":"https:\/\/schema.org","@graph":[{"@type":"WebPage","@id":"https:\/\/www.comitatoaradinorma.it\/aradinorma\/2014-2\/","url":"https:\/\/www.comitatoaradinorma.it\/aradinorma\/2014-2\/","name":"2014 - www.comitatoaradinorma.it","isPartOf":{"@id":"https:\/\/www.comitatoaradinorma.it\/aradinorma\/#website"},"datePublished":"2018-03-03T12:06:47+00:00","dateModified":"2018-03-21T01:33:01+00:00","breadcrumb":{"@id":"https:\/\/www.comitatoaradinorma.it\/aradinorma\/2014-2\/#breadcrumb"},"inLanguage":"it-IT","potentialAction":[{"@type":"ReadAction","target":["https:\/\/www.comitatoaradinorma.it\/aradinorma\/2014-2\/"]}]},{"@type":"BreadcrumbList","@id":"https:\/\/www.comitatoaradinorma.it\/aradinorma\/2014-2\/#breadcrumb","itemListElement":[{"@type":"ListItem","position":1,"name":"Home","item":"https:\/\/www.comitatoaradinorma.it\/aradinorma\/"},{"@type":"ListItem","position":2,"name":"2014"}]},{"@type":"WebSite","@id":"https:\/\/www.comitatoaradinorma.it\/aradinorma\/#website","url":"https:\/\/www.comitatoaradinorma.it\/aradinorma\/","name":"www.comitatoaradinorma.it","description":"","publisher":{"@id":"https:\/\/www.comitatoaradinorma.it\/aradinorma\/#organization"},"potentialAction":[{"@type":"SearchAction","target":{"@type":"EntryPoint","urlTemplate":"https:\/\/www.comitatoaradinorma.it\/aradinorma\/?s={search_term_string}"},"query-input":{"@type":"PropertyValueSpecification","valueRequired":true,"valueName":"search_term_string"}}],"inLanguage":"it-IT"},{"@type":"Organization","@id":"https:\/\/www.comitatoaradinorma.it\/aradinorma\/#organization","name":"comitato associazione ara di norma","url":"https:\/\/www.comitatoaradinorma.it\/aradinorma\/","logo":{"@type":"ImageObject","inLanguage":"it-IT","@id":"https:\/\/www.comitatoaradinorma.it\/aradinorma\/#\/schema\/logo\/image\/","url":"https:\/\/www.comitatoaradinorma.it\/aradinorma\/wp-content\/uploads\/2022\/05\/logo-comitato-per-casacche.png","contentUrl":"https:\/\/www.comitatoaradinorma.it\/aradinorma\/wp-content\/uploads\/2022\/05\/logo-comitato-per-casacche.png","width":1770,"height":2369,"caption":"comitato associazione ara di norma"},"image":{"@id":"https:\/\/www.comitatoaradinorma.it\/aradinorma\/#\/schema\/logo\/image\/"},"sameAs":["https:\/\/www.facebook.com\/comitatoaradinormalariano\/"]}]}},"_links":{"self":[{"href":"https:\/\/www.comitatoaradinorma.it\/aradinorma\/wp-json\/wp\/v2\/pages\/296","targetHints":{"allow":["GET"]}}],"collection":[{"href":"https:\/\/www.comitatoaradinorma.it\/aradinorma\/wp-json\/wp\/v2\/pages"}],"about":[{"href":"https:\/\/www.comitatoaradinorma.it\/aradinorma\/wp-json\/wp\/v2\/types\/page"}],"author":[{"embeddable":true,"href":"https:\/\/www.comitatoaradinorma.it\/aradinorma\/wp-json\/wp\/v2\/users\/1"}],"replies":[{"embeddable":true,"href":"https:\/\/www.comitatoaradinorma.it\/aradinorma\/wp-json\/wp\/v2\/comments?post=296"}],"version-history":[{"count":47,"href":"https:\/\/www.comitatoaradinorma.it\/aradinorma\/wp-json\/wp\/v2\/pages\/296\/revisions"}],"predecessor-version":[{"id":881,"href":"https:\/\/www.comitatoaradinorma.it\/aradinorma\/wp-json\/wp\/v2\/pages\/296\/revisions\/881"}],"wp:attachment":[{"href":"https:\/\/www.comitatoaradinorma.it\/aradinorma\/wp-json\/wp\/v2\/media?parent=296"}],"curies":[{"name":"wp","href":"https:\/\/api.w.org\/{rel}","templated":true}]}}